{"id":6825,"date":"2022-10-12T19:37:19","date_gmt":"2022-10-12T19:37:19","guid":{"rendered":"https:\/\/hpe-benefits.qc.seb-admin.com\/?page_id=6825"},"modified":"2022-10-24T16:42:05","modified_gmt":"2022-10-24T16:42:05","slug":"soins-virtuels-telus-sante","status":"publish","type":"page","link":"https:\/\/hpe-benefits.qc.seb-admin.com\/fr\/soins-virtuels-telus-sante\/soins-virtuels-telus-sante\/","title":{"rendered":"Soins virtuels Telus Sant\u00e9"},"content":{"rendered":"<p>[vc_row][vc_column width=\u00a0\u00bb1\/2&Prime;][vc_column_text]<\/p>\n<div class=\"HPE-telus-health-section\">\n<h2 class=\"HPE-head-level1\">Des soins en ligne pour vous et pour votre famille<\/h2>\n<p>Les soins virtuels TELUS Sant\u00e9 vous mettent en contact avec une \u00e9quipe de professionnels de la sant\u00e9 \u00e0 l\u2019\u00e9coute de vos besoins, jour et nuit, partout au Canada, par messagerie texte ou appel vid\u00e9o crypt\u00e9.<\/p>\n<p>Il est plus facile que jamais d\u2019obtenir des conseils et des soins m\u00e9dicaux gr\u00e2ce aux soins virtuels TELUS Sant\u00e9. D\u00e8s que vous-m\u00eame ou un membre de votre famille imm\u00e9diate<sup>1<\/sup> ressentez un malaise, connectez-vous avec un clinicien compatissant, 24\u00a0h\/7\u00a0j\u2026 sans rendez-vous!<\/p>\n<p><strong>Activez votre compte sans tarder pour \u00eatre pr\u00eat \u00e0 utiliser le programme d\u00e8s que vous en aurez besoin.<\/strong> Vous trouverez votre lien d\u2019activation unique dans le courriel d\u2019activation que vous avez re\u00e7u; sinon, envoyez un courriel \u00e0 <a style=\"color: #000;\" href=\"mailto:help@vc.telushealth.com\"><u>help@vc.telushealth.com<\/u><\/a> pour demander un nouveau lien.<\/p>\n<\/div>\n<p>[\/vc_column_text][vc_single_image image=\u00a0\u00bb4505&Prime; css=\u00a0\u00bb.vc_custom_1665676636739{padding-top: 60px !important;padding-right: 30px !important;padding-left: 30px !important;}\u00a0\u00bb el_class=\u00a0\u00bbTELUS-health-phone-app-image\u00a0\u00bb][vc_column_text]<\/p>\n<div class=\"points-description\">\n<p><sup>1<\/sup> conjoint(e) et enfants de moins de 26\u00a0ans<\/p>\n<\/div>\n<p>[\/vc_column_text][\/vc_column][vc_column width=\u00a0\u00bb1\/2&Prime;][vc_single_image image=\u00a0\u00bb6634&Prime; css=\u00a0\u00bb.vc_custom_1663449985857{padding-right: 30px !important;padding-left: 30px !important;}\u00a0\u00bb][vc_column_text css=\u00a0\u00bb.vc_custom_1665676540612{padding-top: 60px !important;}\u00a0\u00bb]<\/p>\n<div class=\"HPE-telus-health-section\">\n<h2 class=\"HPE-head-level1\">Soins virtuels TELUS Sant\u00e9 est un service de sant\u00e9 et de mieux-\u00eatre con\u00e7u pour vous aider, en tout temps, partout au Canada.<\/h2>\n<p>\u00c9vitez les visites inutiles \u00e0 la clinique ou les d\u00e9lais pour obtenir de l\u2019aide. Vous, et les membres de votre famille imm\u00e9diate, pouvez consulter un professionnel de la sant\u00e9 sur demande, par messagerie texte ou appel vid\u00e9o crypt\u00e9, sur un t\u00e9l\u00e9phone intelligent ou un ordinateur.<\/p>\n<p>TELUS enverra les ordonnances directement \u00e0 la pharmacie de votre choix pour que vous receviez vos m\u00e9dicaments plus vite.<\/p>\n<\/div>\n<p>[\/vc_column_text][vc_single_image image=\u00a0\u00bb4508&Prime; title=\u00a0\u00bbTELUS peut vous aider \u00e0 obtenir\u202f:\u00a0\u00bb el_class=\u00a0\u00bbTELUs-health-services-icons\u00a0\u00bb][\/vc_column][\/vc_row]<\/p>\n","protected":false},"excerpt":{"rendered":"<p>[vc_row][vc_column width=\u00a0\u00bb1\/2&Prime;][vc_column_text] Des soins en ligne pour vous et pour votre famille Les soins virtuels TELUS Sant\u00e9 vous mettent en contact avec une \u00e9quipe de professionnels de la sant\u00e9 \u00e0 l\u2019\u00e9coute de vos besoins, jour et nuit, partout au Canada, par messagerie texte ou appel vid\u00e9o crypt\u00e9. Il est plus [&hellip;]<\/p>\n","protected":false},"author":1,"featured_media":0,"parent":3672,"menu_order":0,"comment_status":"closed","ping_status":"closed","template":"","meta":{"footnotes":""},"class_list":["post-6825","page","type-page","status-publish","hentry"],"jetpack_sharing_enabled":true,"_links":{"self":[{"href":"https:\/\/hpe-benefits.qc.seb-admin.com\/fr\/wp-json\/wp\/v2\/pages\/6825","targetHints":{"allow":["GET"]}}],"collection":[{"href":"https:\/\/hpe-benefits.qc.seb-admin.com\/fr\/wp-json\/wp\/v2\/pages"}],"about":[{"href":"https:\/\/hpe-benefits.qc.seb-admin.com\/fr\/wp-json\/wp\/v2\/types\/page"}],"author":[{"embeddable":true,"href":"https:\/\/hpe-benefits.qc.seb-admin.com\/fr\/wp-json\/wp\/v2\/users\/1"}],"replies":[{"embeddable":true,"href":"https:\/\/hpe-benefits.qc.seb-admin.com\/fr\/wp-json\/wp\/v2\/comments?post=6825"}],"version-history":[{"count":5,"href":"https:\/\/hpe-benefits.qc.seb-admin.com\/fr\/wp-json\/wp\/v2\/pages\/6825\/revisions"}],"predecessor-version":[{"id":7012,"href":"https:\/\/hpe-benefits.qc.seb-admin.com\/fr\/wp-json\/wp\/v2\/pages\/6825\/revisions\/7012"}],"up":[{"embeddable":true,"href":"https:\/\/hpe-benefits.qc.seb-admin.com\/fr\/wp-json\/wp\/v2\/pages\/3672"}],"wp:attachment":[{"href":"https:\/\/hpe-benefits.qc.seb-admin.com\/fr\/wp-json\/wp\/v2\/media?parent=6825"}],"curies":[{"name":"wp","href":"https:\/\/api.w.org\/{rel}","templated":true}]}}